{"id":39,"date":"2025-01-14T16:05:22","date_gmt":"2025-01-14T16:05:22","guid":{"rendered":"https:\/\/atlasbordeaux.fr\/public_html\/?page_id=39"},"modified":"2025-01-14T16:52:42","modified_gmt":"2025-01-14T16:52:42","slug":"a-propos-datlas-bordeaux","status":"publish","type":"page","link":"https:\/\/atlasbordeaux.fr\/public_html\/fr\/a-propos-datlas-bordeaux\/","title":{"rendered":"A propos"},"content":{"rendered":"\n<p>! ATLAS BORDEAUX EST UN PROJET EN D\u00c9VELOPPEMENT \u2013 CERTAINES FONCTIONNALIT\u00c9S NE SONT PAS ENCORE DISPONIBLES ! <\/p>\n\n\n\n<p><strong>Qui sommes-nous ?<\/strong><\/p>\n\n\n\n<p><br>Atlas Bordeaux est une initiative ind\u00e9pendante. Nous proposons des jeux de pistes, chasses aux tr\u00e9sors et explorations libres pour vous faire d\u00e9couvrir la m\u00e9tropole autrement. Les jeux peuvent n\u00e9cessiter une ou plusieurs excursions et certains jeux demandent plus de recherche et de lecture que d&rsquo;autres.<\/p>\n\n\n\n<p><strong>Comment jouer  aux jeux de pistes ?<\/strong><\/p>\n\n\n\n<p><br>Pour jouer il suffit de s&rsquo;inscrire sur la plateforme &gt; <a href=\"https:\/\/atlasbordeaux.fr\/atlaslink\/public\/\">Atlas Link<\/a>.<\/p>\n\n\n\n<p>Votre objectif est de collectionner les fragments de l&rsquo;Atlas. Pour ce faire vous devez effectuer des recherches, c&rsquo;est \u00e0 une v\u00e9ritable chasse au tr\u00e9sor dans la ville de Bordeaux. Vous obtenez un fragment \u00e0 chaque recherche compl\u00e9t\u00e9e. Pour commencer une recherche vous devez rentrer un code issu de la page recherches de la plateforme Atlas Link (section pistes trouv\u00e9es). Si vous rentez ce code sur le terminal de la page principale vous pouvez obtenir un premier PDF, appel\u00e9 codex. Ce codex vous guidera vers un lieu pr\u00e9cis appel\u00e9 locus. Dans ce locus est pr\u00e9sent un code, vous devez vous y rendre pour le r\u00e9cup\u00e9rer, il peut s&rsquo;agir d&rsquo;un num\u00e9ro de s\u00e9rie sur un lampadaire ou un autre aspect de environnement. Avec ce code vous pouvez obtenir un nouveau codex, et ainsi de suite jusqu\u2019\u00e0 la compl\u00e9tion de la recherche et l&rsquo;obtention du fragment.<\/p>\n\n\n\n<p><strong>Comment nous soutenir ?<\/strong><\/p>\n\n\n\n<p><br>Nous mettrons un syst\u00e8me de dons en place prochainement.<\/p>\n\n\n\n<p><\/p>\n","protected":false},"excerpt":{"rendered":"<p>! ATLAS BORDEAUX EST UN PROJET EN D\u00c9VELOPPEMENT \u2013 CERTAINES FONCTIONNALIT\u00c9S NE SONT PAS ENCORE DISPONIBLES ! Qui sommes-nous ? [&hellip;]<\/p>\n","protected":false},"author":1,"featured_media":0,"parent":0,"menu_order":0,"comment_status":"closed","ping_status":"closed","template":"","meta":{"_siteseo_robots_primary_cat":"","site-sidebar-layout":"default","site-content-layout":"","ast-site-content-layout":"","site-content-style":"default","site-sidebar-style":"default","ast-global-header-display":"","ast-banner-title-visibility":"","ast-main-header-display":"","ast-hfb-above-header-display":"","ast-hfb-below-header-display":"","ast-hfb-mobile-header-display":"","site-post-title":"","ast-breadcrumbs-content":"","ast-featured-img":"","footer-sml-layout":"","theme-transparent-header-meta":"","adv-header-id-meta":"","stick-header-meta":"","header-above-stick-meta":"","header-main-stick-meta":"","header-below-stick-meta":"","astra-migrate-meta-layouts":"default","ast-page-background-enabled":"default","ast-page-background-meta":{"desktop":{"background-color":"var(--ast-global-color-5)","background-image":"","background-repeat":"repeat","background-position":"center center","background-size":"auto","background-attachment":"scroll","background-type":"","background-media":"","overlay-type":"","overlay-color":"","overlay-opacity":"","overlay-gradient":""},"tablet":{"background-color":"","background-image":"","background-repeat":"repeat","background-position":"center center","background-size":"auto","background-attachment":"scroll","background-type":"","background-media":"","overlay-type":"","overlay-color":"","overlay-opacity":"","overlay-gradient":""},"mobile":{"background-color":"","background-image":"","background-repeat":"repeat","background-position":"center center","background-size":"auto","background-attachment":"scroll","background-type":"","background-media":"","overlay-type":"","overlay-color":"","overlay-opacity":"","overlay-gradient":""}},"ast-content-background-meta":{"desktop":{"background-color":"var(--ast-global-color-4)","background-image":"","background-repeat":"repeat","background-position":"center center","background-size":"auto","background-attachment":"scroll","background-type":"","background-media":"","overlay-type":"","overlay-color":"","overlay-opacity":"","overlay-gradient":""},"tablet":{"background-color":"var(--ast-global-color-4)","background-image":"","background-repeat":"repeat","background-position":"center center","background-size":"auto","background-attachment":"scroll","background-type":"","background-media":"","overlay-type":"","overlay-color":"","overlay-opacity":"","overlay-gradient":""},"mobile":{"background-color":"var(--ast-global-color-4)","background-image":"","background-repeat":"repeat","background-position":"center center","background-size":"auto","background-attachment":"scroll","background-type":"","background-media":"","overlay-type":"","overlay-color":"","overlay-opacity":"","overlay-gradient":""}},"_locale":"fr_FR","_original_post":"https:\/\/atlasbordeaux.fr\/public_html\/?page_id=14","footnotes":""},"class_list":["post-39","page","type-page","status-publish","hentry","fr-FR"],"_links":{"self":[{"href":"https:\/\/atlasbordeaux.fr\/public_html\/wp-json\/wp\/v2\/pages\/39","targetHints":{"allow":["GET"]}}],"collection":[{"href":"https:\/\/atlasbordeaux.fr\/public_html\/wp-json\/wp\/v2\/pages"}],"about":[{"href":"https:\/\/atlasbordeaux.fr\/public_html\/wp-json\/wp\/v2\/types\/page"}],"author":[{"embeddable":true,"href":"https:\/\/atlasbordeaux.fr\/public_html\/wp-json\/wp\/v2\/users\/1"}],"replies":[{"embeddable":true,"href":"https:\/\/atlasbordeaux.fr\/public_html\/wp-json\/wp\/v2\/comments?post=39"}],"version-history":[{"count":4,"href":"https:\/\/atlasbordeaux.fr\/public_html\/wp-json\/wp\/v2\/pages\/39\/revisions"}],"predecessor-version":[{"id":108,"href":"https:\/\/atlasbordeaux.fr\/public_html\/wp-json\/wp\/v2\/pages\/39\/revisions\/108"}],"wp:attachment":[{"href":"https:\/\/atlasbordeaux.fr\/public_html\/wp-json\/wp\/v2\/media?parent=39"}],"curies":[{"name":"wp","href":"https:\/\/api.w.org\/{rel}","templated":true}]}}